{"id":36,"date":"2023-12-07T12:12:48","date_gmt":"2023-12-07T11:12:48","guid":{"rendered":"https:\/\/printecopro.com\/?post_type=product&#038;p=36"},"modified":"2024-03-04T23:16:27","modified_gmt":"2024-03-04T22:16:27","slug":"cartes-badges-pvc","status":"publish","type":"product","link":"https:\/\/printecopro.com\/index.php\/product\/cartes-badges-pvc\/","title":{"rendered":"Cartes Badges PVC"},"content":{"rendered":"<p>Explorez l&#8217;\u00e9l\u00e9gance et la durabilit\u00e9 avec nos cartes PVC personnalis\u00e9es. Gravez votre identit\u00e9 professionnelle sur des supports haut de gamme, alliant robustesse et esth\u00e9tique. Notre gamme de cartes PVC vous offre un rendu visuel exceptionnel tout en assurant une r\u00e9sistance \u00e0 toute \u00e9preuve. Profitez de la qualit\u00e9 premium \u00e0 un prix accessible, faisant de ces cartes une solution \u00e9conomique et impressionnante pour vous repr\u00e9senter avec s\u00e9rieux et style.<\/p>\n","protected":false},"excerpt":{"rendered":"<p>Explorez l&#8217;\u00e9l\u00e9gance et la durabilit\u00e9 avec nos cartes PVC personnalis\u00e9es. Gravez votre identit\u00e9 professionnelle sur des supports haut de gamme, alliant robustesse et esth\u00e9tique. Notre gamme de cartes PVC vous offre un rendu visuel exceptionnel tout en assurant une r\u00e9sistance \u00e0 toute \u00e9preuve. Profitez de la qualit\u00e9 premium \u00e0 un prix accessible, faisant de ces cartes une solution \u00e9conomique et impressionnante pour vous repr\u00e9senter avec s\u00e9rieux et style.<\/p>\n","protected":false},"featured_media":34,"comment_status":"open","ping_status":"closed","template":"","meta":{"om_disable_all_campaigns":false,"_monsterinsights_skip_tracking":false,"_monsterinsights_sitenote_active":false,"_monsterinsights_sitenote_note":"","_monsterinsights_sitenote_category":0},"product_cat":[32],"product_tag":[22],"class_list":{"0":"post-36","1":"product","2":"type-product","3":"status-publish","4":"has-post-thumbnail","6":"product_cat-cartes-et-stickers","7":"product_tag-carte-de-visite","9":"first","10":"instock","11":"sold-individually","12":"taxable","13":"shipping-taxable","14":"purchasable","15":"product-type-variable","16":"has-default-attributes"},"aioseo_notices":[],"acf":[],"jetpack_sharing_enabled":true,"_links":{"self":[{"href":"https:\/\/printecopro.com\/index.php\/wp-json\/wp\/v2\/product\/36","targetHints":{"allow":["GET"]}}],"collection":[{"href":"https:\/\/printecopro.com\/index.php\/wp-json\/wp\/v2\/product"}],"about":[{"href":"https:\/\/printecopro.com\/index.php\/wp-json\/wp\/v2\/types\/product"}],"replies":[{"embeddable":true,"href":"https:\/\/printecopro.com\/index.php\/wp-json\/wp\/v2\/comments?post=36"}],"wp:featuredmedia":[{"embeddable":true,"href":"https:\/\/printecopro.com\/index.php\/wp-json\/wp\/v2\/media\/34"}],"wp:attachment":[{"href":"https:\/\/printecopro.com\/index.php\/wp-json\/wp\/v2\/media?parent=36"}],"wp:term":[{"taxonomy":"product_cat","embeddable":true,"href":"https:\/\/printecopro.com\/index.php\/wp-json\/wp\/v2\/product_cat?post=36"},{"taxonomy":"product_tag","embeddable":true,"href":"https:\/\/printecopro.com\/index.php\/wp-json\/wp\/v2\/product_tag?post=36"}],"curies":[{"name":"wp","href":"https:\/\/api.w.org\/{rel}","templated":true}]}}