{"id":27,"date":"2023-12-05T21:07:39","date_gmt":"2023-12-05T20:07:39","guid":{"rendered":"https:\/\/printecopro.com\/?post_type=product&#038;p=27"},"modified":"2024-03-04T23:16:52","modified_gmt":"2024-03-04T22:16:52","slug":"cartes-de-visite","status":"publish","type":"product","link":"https:\/\/printecopro.com\/index.php\/product\/cartes-de-visite\/","title":{"rendered":"Cartes de visite"},"content":{"rendered":"<p>D\u00e9couvrez nos cartes de visite personnalis\u00e9es : l&#8217;alliance parfaite entre qualit\u00e9, \u00e9conomie et personnalisation. Imprimez votre identit\u00e9 professionnelle sur des cartes de visite haut de gamme \u00e0 prix abordable. Optez pour l&#8217;excellence sans compromis sur le budget, et laissez une impression m\u00e9morable \u00e0 chaque \u00e9change professionnel.<\/p>\n","protected":false},"excerpt":{"rendered":"<p>D\u00e9couvrez nos cartes de visite personnalis\u00e9es : l&#8217;alliance parfaite entre qualit\u00e9, \u00e9conomie et personnalisation. Imprimez votre identit\u00e9 professionnelle sur des cartes de visite haut de gamme \u00e0 prix abordable. Optez pour l&#8217;excellence sans compromis sur le budget, et laissez une impression m\u00e9morable \u00e0 chaque \u00e9change professionnel.<\/p>\n","protected":false},"featured_media":33,"comment_status":"open","ping_status":"closed","template":"","meta":{"om_disable_all_campaigns":false,"_monsterinsights_skip_tracking":false,"_monsterinsights_sitenote_active":false,"_monsterinsights_sitenote_note":"","_monsterinsights_sitenote_category":0},"product_cat":[32],"product_tag":[22],"class_list":{"0":"post-27","1":"product","2":"type-product","3":"status-publish","4":"has-post-thumbnail","6":"product_cat-cartes-et-stickers","7":"product_tag-carte-de-visite","9":"first","10":"instock","11":"sold-individually","12":"taxable","13":"shipping-taxable","14":"purchasable","15":"product-type-variable","16":"has-default-attributes"},"aioseo_notices":[],"acf":[],"jetpack_sharing_enabled":true,"_links":{"self":[{"href":"https:\/\/printecopro.com\/index.php\/wp-json\/wp\/v2\/product\/27","targetHints":{"allow":["GET"]}}],"collection":[{"href":"https:\/\/printecopro.com\/index.php\/wp-json\/wp\/v2\/product"}],"about":[{"href":"https:\/\/printecopro.com\/index.php\/wp-json\/wp\/v2\/types\/product"}],"replies":[{"embeddable":true,"href":"https:\/\/printecopro.com\/index.php\/wp-json\/wp\/v2\/comments?post=27"}],"wp:featuredmedia":[{"embeddable":true,"href":"https:\/\/printecopro.com\/index.php\/wp-json\/wp\/v2\/media\/33"}],"wp:attachment":[{"href":"https:\/\/printecopro.com\/index.php\/wp-json\/wp\/v2\/media?parent=27"}],"wp:term":[{"taxonomy":"product_cat","embeddable":true,"href":"https:\/\/printecopro.com\/index.php\/wp-json\/wp\/v2\/product_cat?post=27"},{"taxonomy":"product_tag","embeddable":true,"href":"https:\/\/printecopro.com\/index.php\/wp-json\/wp\/v2\/product_tag?post=27"}],"curies":[{"name":"wp","href":"https:\/\/api.w.org\/{rel}","templated":true}]}}